{"id":7,"date":"2025-10-06T17:36:17","date_gmt":"2025-10-06T15:36:17","guid":{"rendered":"https:\/\/avocat-fraude-bancaire.fr\/?page_id=7"},"modified":"2025-10-21T17:41:55","modified_gmt":"2025-10-21T15:41:55","slug":"accueil","status":"publish","type":"page","link":"https:\/\/avocat-fraude-bancaire.fr\/","title":{"rendered":"Accueil"},"content":{"rendered":"\n<div class=\"inherit-container-width wp-block-group alignwide has-background is-layout-constrained wp-block-group-is-layout-constrained\" style=\"background-color:#f7f9fc;margin-top:96px;margin-bottom:32px;padding-top:48px;padding-bottom:48px\">\n<h1 class=\"wp-block-heading has-black-color has-text-color has-link-color wp-elements-6e297ea1bea984efe1033639b9a32778\" style=\"font-size:36px;line-height:1.25\"><strong>Fraude bancaire : faites valoir vos droits<\/strong>.<\/h1>\n\n\n\n<p style=\"font-size:16px;line-height:1.6\">Cabinet <strong>HERIGONE \u2013 Avocats<\/strong> : accompagnement des victimes <br>(<strong>remboursements<\/strong>, <strong>contestations<\/strong>, <strong>mise en cause de la banque<\/strong>).<\/p>\n\n\n\n<ul class=\"wp-block-list\">\n<li class=\"has-black-color has-text-color has-link-color wp-elements-830f07c091b753ae3ab0b88241d6bc45\"><em>Analyse <strong>rapide <\/strong>de votre dossier<\/em><\/li>\n\n\n\n<li class=\"has-black-color has-text-color has-link-color wp-elements-a542f10440e11445d6b0830d253d0566\"><em>D\u00e9marches <strong>100 % en ligne<\/strong>, \u00e9changes s\u00e9curis\u00e9s<\/em><\/li>\n\n\n\n<li class=\"has-black-color has-text-color has-link-color wp-elements-49ecce535278098e92e338a6234d5998\"><em>Honoraires <strong>transparents<\/strong>, convention \u00e9crite<\/em><\/li>\n<\/ul>\n\n\n\n<div class=\"wp-block-buttons is-layout-flex wp-block-buttons-is-layout-flex\">\n<div class=\"wp-block-button\"><a class=\"wp-block-button__link has-white-color has-text-color has-background has-link-color wp-element-button\" href=\"https:\/\/www.herigone.fr\/avocats\" style=\"border-radius:999px;background-color:#0b4aa2;padding-top:12px;padding-right:22px;padding-bottom:12px;padding-left:22px\" target=\"_blank\" rel=\"noreferrer noopener\">\u00c9valuer mon dossier<\/a><\/div>\n<\/div>\n<\/div>\n\n\n\n<div id=\"rdv\" class=\"wp-block-group is-layout-constrained wp-block-group-is-layout-constrained\" style=\"margin-top:0px;margin-bottom:0px;padding-top:48px;padding-bottom:48px\">\n<h2 class=\"wp-block-heading\">Prendre rendez-vous <\/h2>\n\n\n\n<p class=\"has-ast-global-color-8-color has-text-color has-link-color wp-elements-c9aea25734cc1a065ff073389aa868ee\">Choisissez un cr\u00e9neau en ligne ou contactez-nous : mp@herigone.fr &#8211; 07 86 00 27 86<\/p>\n\n\n\n<div class=\"wp-block-buttons is-layout-flex wp-block-buttons-is-layout-flex\">\n<div class=\"wp-block-button\"><a class=\"wp-block-button__link has-white-color has-text-color has-background has-link-color wp-element-button\" href=\"https:\/\/www.herigone.fr\/avocats\" style=\"border-radius:999px;background-color:#0b4aa2;padding-top:12px;padding-right:22px;padding-bottom:12px;padding-left:22px\" target=\"_blank\" rel=\"noreferrer noopener\">Prendre RDV en ligne<\/a><\/div>\n<\/div>\n<\/div>\n","protected":false},"excerpt":{"rendered":"<p>Fraude bancaire : faites valoir vos droits. Cabinet HERIGONE \u2013 Avocats : accompagnement des victimes (remboursements, contestations, mise en cause de la banque). Prendre rendez-vous Choisissez un cr\u00e9neau en ligne ou contactez-nous : mp@herigone.fr &#8211; 07 86 00 27 86<\/p>\n","protected":false},"author":1,"featured_media":0,"parent":0,"menu_order":0,"comment_status":"closed","ping_status":"closed","template":"","meta":{"site-sidebar-layout":"no-sidebar","site-content-layout":"plain-container","ast-site-content-layout":"default","site-content-style":"default","site-sidebar-style":"default","ast-global-header-display":"","ast-banner-title-visibility":"","ast-main-header-display":"","ast-hfb-above-header-display":"","ast-hfb-below-header-display":"","ast-hfb-mobile-header-display":"","site-post-title":"disabled","ast-breadcrumbs-content":"","ast-featured-img":"","footer-sml-layout":"","ast-disable-related-posts":"","theme-transparent-header-meta":"enabled","adv-header-id-meta":"","stick-header-meta":"","header-above-stick-meta":"","header-main-stick-meta":"","header-below-stick-meta":"","astra-migrate-meta-layouts":"default","ast-page-background-enabled":"default","ast-page-background-meta":{"desktop":{"background-color":"var(--ast-global-color-5)","background-image":"","background-repeat":"repeat","background-position":"center center","background-size":"auto","background-attachment":"scroll","background-type":"","background-media":"","overlay-type":"","overlay-color":"","overlay-opacity":"","overlay-gradient":""},"tablet":{"background-color":"","background-image":"","background-repeat":"repeat","background-position":"center center","background-size":"auto","background-attachment":"scroll","background-type":"","background-media":"","overlay-type":"","overlay-color":"","overlay-opacity":"","overlay-gradient":""},"mobile":{"background-color":"","background-image":"","background-repeat":"repeat","background-position":"center center","background-size":"auto","background-attachment":"scroll","background-type":"","background-media":"","overlay-type":"","overlay-color":"","overlay-opacity":"","overlay-gradient":""}},"ast-content-background-meta":{"desktop":{"background-color":"var(--ast-global-color-4)","background-image":"","background-repeat":"repeat","background-position":"center center","background-size":"auto","background-attachment":"scroll","background-type":"","background-media":"","overlay-type":"","overlay-color":"","overlay-opacity":"","overlay-gradient":""},"tablet":{"background-color":"var(--ast-global-color-4)","background-image":"","background-repeat":"repeat","background-position":"center center","background-size":"auto","background-attachment":"scroll","background-type":"","background-media":"","overlay-type":"","overlay-color":"","overlay-opacity":"","overlay-gradient":""},"mobile":{"background-color":"var(--ast-global-color-4)","background-image":"","background-repeat":"repeat","background-position":"center center","background-size":"auto","background-attachment":"scroll","background-type":"","background-media":"","overlay-type":"","overlay-color":"","overlay-opacity":"","overlay-gradient":""}},"footnotes":""},"class_list":["post-7","page","type-page","status-publish","hentry"],"_links":{"self":[{"href":"https:\/\/avocat-fraude-bancaire.fr\/index.php\/wp-json\/wp\/v2\/pages\/7","targetHints":{"allow":["GET"]}}],"collection":[{"href":"https:\/\/avocat-fraude-bancaire.fr\/index.php\/wp-json\/wp\/v2\/pages"}],"about":[{"href":"https:\/\/avocat-fraude-bancaire.fr\/index.php\/wp-json\/wp\/v2\/types\/page"}],"author":[{"embeddable":true,"href":"https:\/\/avocat-fraude-bancaire.fr\/index.php\/wp-json\/wp\/v2\/users\/1"}],"replies":[{"embeddable":true,"href":"https:\/\/avocat-fraude-bancaire.fr\/index.php\/wp-json\/wp\/v2\/comments?post=7"}],"version-history":[{"count":28,"href":"https:\/\/avocat-fraude-bancaire.fr\/index.php\/wp-json\/wp\/v2\/pages\/7\/revisions"}],"predecessor-version":[{"id":71,"href":"https:\/\/avocat-fraude-bancaire.fr\/index.php\/wp-json\/wp\/v2\/pages\/7\/revisions\/71"}],"wp:attachment":[{"href":"https:\/\/avocat-fraude-bancaire.fr\/index.php\/wp-json\/wp\/v2\/media?parent=7"}],"curies":[{"name":"wp","href":"https:\/\/api.w.org\/{rel}","templated":true}]}}